{"id":1400,"date":"2024-03-07T14:07:23","date_gmt":"2024-03-07T20:07:23","guid":{"rendered":"https:\/\/expoindonesia.mx\/?page_id=1400"},"modified":"2024-03-07T14:26:30","modified_gmt":"2024-03-07T20:26:30","slug":"cooperation","status":"publish","type":"page","link":"https:\/\/expoindonesia.mx\/es_mx\/cooperation\/","title":{"rendered":"cooperation"},"content":{"rendered":"<div data-elementor-type=\"wp-page\" data-elementor-id=\"1400\" class=\"elementor elementor-1400\" data-elementor-post-type=\"page\">\n\t\t\t\t\t\t<section class=\"elementor-section elementor-top-section elementor-element elementor-element-a2c09fc elementor-section-boxed elementor-section-height-default elementor-section-height-default\" data-id=\"a2c09fc\" data-element_type=\"section\" id=\"visitantes\">\n\t\t\t\t\t\t<div class=\"elementor-container elementor-column-gap-default\">\n\t\t\t\t\t<div class=\"elementor-column elementor-col-50 elementor-top-column elementor-element elementor-element-23773ad\" data-id=\"23773ad\" data-element_type=\"column\">\n\t\t\t<div class=\"elementor-widget-wrap\">\n\t\t\t\t\t\t\t<\/div>\n\t\t<\/div>\n\t\t\t\t<div class=\"elementor-column elementor-col-50 elementor-top-column elementor-element elementor-element-80c075f\" data-id=\"80c075f\" data-element_type=\"column\">\n\t\t\t<div class=\"elementor-widget-wrap\">\n\t\t\t\t\t\t\t<\/div>\n\t\t<\/div>\n\t\t\t\t\t<\/div>\n\t\t<\/section>\n\t\t\t\t<section class=\"elementor-section elementor-top-section elementor-element elementor-element-8bbfc11 elementor-section-boxed elementor-section-height-default elementor-section-height-default\" data-id=\"8bbfc11\" data-element_type=\"section\" id=\"registro\">\n\t\t\t\t\t\t<div class=\"elementor-container elementor-column-gap-default\">\n\t\t\t\t\t<div class=\"elementor-column elementor-col-100 elementor-top-column elementor-element elementor-element-601208d\" data-id=\"601208d\" data-element_type=\"column\">\n\t\t\t<div class=\"elementor-widget-wrap elementor-element-populated\">\n\t\t\t\t\t\t<div class=\"elementor-element elementor-element-61d1dac elementor-widget elementor-widget-heading\" data-id=\"61d1dac\" data-element_type=\"widget\" data-widget_type=\"heading.default\">\n\t\t\t\t<div class=\"elementor-widget-container\">\n\t\t\t<style>\/*! elementor - v3.19.0 - 28-02-2024 *\/\n.elementor-heading-title{padding:0;margin:0;line-height:1}.elementor-widget-heading .elementor-heading-title[class*=elementor-size-]>a{color:inherit;font-size:inherit;line-height:inherit}.elementor-widget-heading .elementor-heading-title.elementor-size-small{font-size:15px}.elementor-widget-heading .elementor-heading-title.elementor-size-medium{font-size:19px}.elementor-widget-heading .elementor-heading-title.elementor-size-large{font-size:29px}.elementor-widget-heading .elementor-heading-title.elementor-size-xl{font-size:39px}.elementor-widget-heading .elementor-heading-title.elementor-size-xxl{font-size:59px}<\/style><h2 class=\"elementor-heading-title elementor-size-default\"><span class=\"red\">|<\/span> Cooperation<\/h2>\t\t<\/div>\n\t\t\t\t<\/div>\n\t\t\t\t<div class=\"elementor-element elementor-element-92b84d7 elementor-widget elementor-widget-text-editor\" data-id=\"92b84d7\" data-element_type=\"widget\" data-widget_type=\"text-editor.default\">\n\t\t\t\t<div class=\"elementor-widget-container\">\n\t\t\t<style>\/*! elementor - v3.19.0 - 28-02-2024 *\/\n.elementor-widget-text-editor.elementor-drop-cap-view-stacked .elementor-drop-cap{background-color:#69727d;color:#fff}.elementor-widget-text-editor.elementor-drop-cap-view-framed .elementor-drop-cap{color:#69727d;border:3px solid;background-color:transparent}.elementor-widget-text-editor:not(.elementor-drop-cap-view-default) .elementor-drop-cap{margin-top:8px}.elementor-widget-text-editor:not(.elementor-drop-cap-view-default) .elementor-drop-cap-letter{width:1em;height:1em}.elementor-widget-text-editor .elementor-drop-cap{float:left;text-align:center;line-height:1;font-size:50px}.elementor-widget-text-editor .elementor-drop-cap-letter{display:inline-block}<\/style>\t\t\t\t<div class=\"w-xxxx-6\"><ol><li><p><strong>Comercio y Econom\u00eda:<\/strong> Ambos pa\u00edses han fortalecido sus lazos comerciales y econ\u00f3micos a trav\u00e9s de acuerdos bilaterales y la promoci\u00f3n de inversiones. Se centran en el intercambio de bienes y servicios, as\u00ed como en la facilitaci\u00f3n del comercio para promover el crecimiento econ\u00f3mico mutuo.<\/p><\/li><li><p><strong>Cultura y Turismo:<\/strong> Indonesia y M\u00e9xico valoran la diversidad cultural y promueven el intercambio cultural a trav\u00e9s de eventos culturales, intercambios art\u00edsticos y programas de turismo. Esto ayuda a fortalecer los lazos entre los dos pa\u00edses y a fomentar una mayor comprensi\u00f3n entre sus ciudadanos.<\/p><\/li><li><p><strong>Desarrollo Sostenible y Medio Ambiente:<\/strong> La cooperaci\u00f3n en temas de desarrollo sostenible y protecci\u00f3n del medio ambiente es cada vez m\u00e1s importante. Ambos pa\u00edses colaboran en la conservaci\u00f3n de la biodiversidad, la gesti\u00f3n de recursos naturales y la mitigaci\u00f3n del cambio clim\u00e1tico para promover un futuro m\u00e1s sostenible.<\/p><\/li><li><p><strong>Educaci\u00f3n e Investigaci\u00f3n:<\/strong> La colaboraci\u00f3n en educaci\u00f3n y ciencia es fundamental para el avance de ambas naciones. Esto incluye intercambios acad\u00e9micos, programas de becas, colaboraciones en investigaci\u00f3n y el fortalecimiento de instituciones educativas para promover el desarrollo de capital humano y la innovaci\u00f3n.<\/p><\/li><li><p><strong>Salud y Bienestar:<\/strong> La cooperaci\u00f3n en salud abarca temas como la prevenci\u00f3n de enfermedades, la atenci\u00f3n m\u00e9dica y la investigaci\u00f3n biom\u00e9dica. Ambos pa\u00edses trabajan juntos en la promoci\u00f3n de la salud p\u00fablica y el acceso equitativo a servicios de salud de calidad.<\/p><\/li><\/ol><p>Estos son solo algunos de los temas clave en los que Indonesia y M\u00e9xico colaboran estrechamente para promover el desarrollo mutuo y el bienestar de sus ciudadanos.<\/p><\/div>\t\t\t\t\t\t<\/div>\n\t\t\t\t<\/div>\n\t\t\t\t\t<\/div>\n\t\t<\/div>\n\t\t\t\t\t<\/div>\n\t\t<\/section>\n\t\t\t\t<\/div>","protected":false},"excerpt":{"rendered":"<p>| Cooperation Comercio y Econom\u00eda: Ambos pa\u00edses han fortalecido sus lazos comerciales y econ\u00f3micos a trav\u00e9s de acuerdos bilaterales y la promoci\u00f3n de inversiones. Se centran en el intercambio de bienes y servicios, as\u00ed como en la facilitaci\u00f3n del comercio para promover el crecimiento econ\u00f3mico mutuo. Cultura y Turismo: Indonesia y M\u00e9xico valoran la diversidad [&hellip;]<\/p>","protected":false},"author":1,"featured_media":0,"parent":0,"menu_order":0,"comment_status":"closed","ping_status":"closed","template":"","meta":{"footnotes":""},"class_list":["post-1400","page","type-page","status-publish","hentry"],"_links":{"self":[{"href":"https:\/\/expoindonesia.mx\/es_mx\/wp-json\/wp\/v2\/pages\/1400","targetHints":{"allow":["GET"]}}],"collection":[{"href":"https:\/\/expoindonesia.mx\/es_mx\/wp-json\/wp\/v2\/pages"}],"about":[{"href":"https:\/\/expoindonesia.mx\/es_mx\/wp-json\/wp\/v2\/types\/page"}],"author":[{"embeddable":true,"href":"https:\/\/expoindonesia.mx\/es_mx\/wp-json\/wp\/v2\/users\/1"}],"replies":[{"embeddable":true,"href":"https:\/\/expoindonesia.mx\/es_mx\/wp-json\/wp\/v2\/comments?post=1400"}],"version-history":[{"count":7,"href":"https:\/\/expoindonesia.mx\/es_mx\/wp-json\/wp\/v2\/pages\/1400\/revisions"}],"predecessor-version":[{"id":1417,"href":"https:\/\/expoindonesia.mx\/es_mx\/wp-json\/wp\/v2\/pages\/1400\/revisions\/1417"}],"wp:attachment":[{"href":"https:\/\/expoindonesia.mx\/es_mx\/wp-json\/wp\/v2\/media?parent=1400"}],"curies":[{"name":"wp","href":"https:\/\/api.w.org\/{rel}","templated":true}]}}